{"id":191,"date":"2022-12-09T12:23:29","date_gmt":"2022-12-09T12:23:29","guid":{"rendered":"https:\/\/kriptoclub.com\/coaching\/?page_id=191"},"modified":"2022-12-09T12:23:29","modified_gmt":"2022-12-09T12:23:29","slug":"politika-zasebnosti","status":"publish","type":"page","link":"https:\/\/kriptoclub.com\/coaching\/politika-zasebnosti\/","title":{"rendered":"Politika zasebnosti"},"content":{"rendered":"\n<p><\/p>\n\n\n\n<p>V podjetju Medija Marketing \u2013 Edvard Kurnik s.p. smo ustvarili<\/p>\n\n\n\n<p>ta pravilnik o zasebnosti (\u00bbPolitika zasebnosti\u00ab), ker vemo, da vas skrbi, kako se podatki, ki nam<\/p>\n\n\n\n<p>jih posredujete, uporabljajo in delijo. Ta pravilnik o zasebnosti se uporablja za na\u0161e postopke<\/p>\n\n\n\n<p>zbiranja in uporabe podatkov: (i) na spletu, ko obi\u0161\u010dete katerokoli od na\u0161ih spletnih strani,<\/p>\n\n\n\n<p>vklju\u010dno, brez omejitev, DOMENA.COM (\u201cSpletna stran\u201d); in (ii) brez povezave, ko nam<\/p>\n\n\n\n<p>posredujete podatke.<\/p>\n\n\n\n<p>Kapitalizirani izrazi, ki niso opredeljeni v tem pravilniku o zasebnosti, imajo pomen, dolo\u010den v<\/p>\n\n\n\n<p>na\u0161ih pogojih storitve.<\/p>\n\n\n\n<p>Sprejem pogojev<\/p>\n\n\n\n<p>\u010ce obi\u0161\u010dete na\u0161o spletno stran, se strinjate s pogoji tega pravilnika o zasebnosti in<\/p>\n\n\n\n<p>spremljajo\u010dimi pogoji storitve, ki urejajo va\u0161o uporabo spletnih mest. S tem, ko nam posredujete<\/p>\n\n\n\n<p>informacije brez povezave, se strinjate tudi s pogoji te politike zasebnosti.<\/p>\n\n\n\n<p>Informacije, ki jih zbiramo<\/p>\n\n\n\n<p>Med izvajanjem spletne strani in \/ ali komuniciranjem z vami bomo sprejeli naslednje tipe<\/p>\n\n\n\n<p>informacij.<\/p>\n\n\n\n<p>1. Osebne informacije.<\/p>\n\n\n\n<p>Ko se prijavite za prejemanje na\u0161ih glasil (novi\u010dk), ali se odzovete na anketo, se registrirate v<\/p>\n\n\n\n<p>program ali za nakup katerega koli izdelka ali storitve, boste morda morali posredovati osebne<\/p>\n\n\n\n<p>podatke o sebi, kot so va\u0161e ime, naslov, e-po\u0161tni naslov in telefonsko \u0161tevilko. Od obiskovalcev<\/p>\n\n\n\n<p>ne zbiramo nobenih osebnih podatkov, kadar uporabljajo spletne strani, \u010de ne predlo\u017eijo tak\u0161nih<\/p>\n\n\n\n<p>podatkov prostovoljno, na primer z registracijo ali po\u0161iljanjem e-po\u0161te ali prijave na glasilo<\/p>\n\n\n\n<p>(novi\u010dke). Vsi podatki, ki jih zbiramo in \/ ali prejemamo v skladu s tem oddelkom, se skupaj<\/p>\n\n\n\n<p>imenujejo \u00bbOsebne informacije\u00ab.<\/p>\n\n\n\n<p>2. Informacije o naro\u010dilu.<\/p>\n\n\n\n<p>Ko oddate naro\u010dilo, nam morate posredovati dolo\u010dene podatke o izdelkih in storitvah, ki jih<\/p>\n\n\n\n<p>\u017eelite kupiti. Tak\u0161ne informacije se skupaj imenujemo \u201cInformacije o naro\u010dilu\u201d.<\/p>\n\n\n\n<p>3. Informacije o obra\u010dunu.<\/p>\n\n\n\n<p>Ko \u017eelite kupiti izdelek ali storitev, boste morali poleg zgoraj navedenih osebnih podatkov in<\/p>\n\n\n\n<p>informacij o naro\u010danju navesti dolo\u010dene informacije. Tak\u0161ne informacije lahko vklju\u010dujejo<\/p>\n\n\n\n<p>\u0161tevilko debetne kartice, \u0161tevilko kreditne kartice, datum poteka veljavnosti, naslov za izstavitev<\/p>\n\n\n\n<p>ra\u010duna, kode za aktiviranje in podobne informacije. Take informacije se skupaj imenujemo<\/p>\n\n\n\n<p>\u00bbPodatki za zara\u010dunavanje storitev\u00ab. \u010ceprav bomo imeli dostop do informacij o pla\u010devanju, jih<\/p>\n\n\n\n<p>bodo tudi na\u0161i ponudniki pla\u010dil tretjih strank zbrali in obdelali v skladu s pogoji in pogoji njihove<\/p>\n\n\n\n<p>zasebnosti in pogoji uporabe.<\/p>\n\n\n\n<p>4. Druge informacije.<\/p>\n\n\n\n<p>Poleg zgoraj navedenih informacij lahko zbiramo dodatne informacije (skupaj, \u201cDruge<\/p>\n\n\n\n<p>informacije\u201d). Take druge informacije lahko vklju\u010dujejo:<\/p>\n\n\n\n<p>a) O sebi. Dodatne informacije o sebi, ki nam jih posredujete prostovoljno (npr. preko ankete),<\/p>\n\n\n\n<p>kot so domene dohodka gospodinjstev, spol, izbira izdelkov in storitev ter druge informacije, ki<\/p>\n\n\n\n<p>vas osebno ne prepoznajo.<\/p>\n\n\n\n<p>b) Iz va\u0161e dejavnosti. Informacije, ki jih samodejno zbiramo, ko uporabljate spletne strani,<\/p>\n\n\n\n<p>vklju\u010dno brez omejitev:<\/p>\n\n\n\n<p>IP-naslove, ki lahko vsebujejo stati\u010dni ali dinami\u010dni naslov IP in v\u010dasih ka\u017eejo na dolo\u010den<\/p>\n\n\n\n<p>ra\u010dunalnik ali napravo, ki jo je mogo\u010de identificirati; vrsta brskalnika in jezik; sklicevanje in<\/p>\n\n\n\n<p>izstopanje strani in URL-jev; datum in \u010das; \u010das, porabljen za posamezne strani; katere dele<\/p>\n\n\n\n<p>spletnega mesta obi\u0161\u010dete; in podobni podatki;<\/p>\n\n\n\n<p>in informacije o va\u0161i napravi, vklju\u010dno z vrsto naprave; univerzalno edinstven ID (\u201cUUID\u201d);<\/p>\n\n\n\n<p>ogla\u0161evalski identifikator (\u201cIDFA\u201d); Mac naslov; operacijski sistem in razli\u010dico (npr. iOS, Android<\/p>\n\n\n\n<p>ali Windows); prevoznik in lokacija dr\u017eave; informacije o strojni opremi in procesorju (npr.<\/p>\n\n\n\n<p>shranjevanje, hitrost \u010dipa, lo\u010dljivost fotoaparata, omogo\u010dena NFC); vrsta omre\u017eja (WiFi, 3G, 4G,<\/p>\n\n\n\n<p>LTE); in podobne podatke.<\/p>\n\n\n\n<p>c) Od pi\u0161kotkov. Informacije, ki jih zbiramo s tehnologijo \u00bbpi\u0161kotki\u00ab. Pi\u0161kotki so majhni paketi<\/p>\n\n\n\n<p>podatkov, ki jih spletna trgovina shrani na trdi disk va\u0161ega ra\u010dunalnika ali mobilne naprave, tako<\/p>\n\n\n\n<p>da si bo va\u0161 ra\u010dunalnik \u201czapomnil\u201d podatke o va\u0161em obisku. Uporabljamo lahko oba pi\u0161kotka:<\/p>\n\n\n\n<p>seje (ki pote\u010de, ko zapremo spletni brskalnik) in trajne pi\u0161kotke (ki ostanejo v ra\u010dunalniku, dokler<\/p>\n\n\n\n<p>jih ne izbri\u0161ete), da nam pomagajo zbrati druge informacije in izbolj\u0161ati svoje izku\u0161nje z uporabo<\/p>\n\n\n\n<p>spletnih mest. \u010ce ne \u017eelite, da pi\u0161kotek postavimo na va\u0161 trdi disk, boste morda lahko to<\/p>\n\n\n\n<p>funkcijo izklju\u010dili v ra\u010dunalniku ali mobilni napravi. Za informacije o tem, kako to narediti in kako<\/p>\n\n\n\n<p>izbrisati obstojne pi\u0161kotke, se obrnite na dokumentacijo va\u0161ega spletnega brskalnika. \u010ce pa se<\/p>\n\n\n\n<p>odlo\u010dite, da ne sprejmete pi\u0161kotkov od nas, spletne strani morda ne bodo delovale pravilno.<\/p>\n\n\n\n<p>d) Analitika tretjih oseb. Za analizo va\u0161e uporabe spletnih mest, zbiranjem poro\u010dil o dejavnostih,<\/p>\n\n\n\n<p>zbiranjem demografskih podatkov, analiziranjem meritev uspe\u0161nosti in zbiranjem ter<\/p>\n\n\n\n<p>vrednotenjem drugih informacij, povezanih s spletnimi mesti ter uporabo mobilnih naprav in<\/p>\n\n\n\n<p>interneta, uporabljamo storitve analitike drugih ponudnikov (na primer Google Analytics). Te<\/p>\n\n\n\n<p>tretje stranke uporabljajo pi\u0161kotke in druge tehnologije, ki nam pomagajo analizirati in<\/p>\n\n\n\n<p>posredovati podatke. Z dostopanjem do spletnih strani in uporabo teh podatkov sogla\u0161ate z<\/p>\n\n\n\n<p>obdelavo podatkov o vas s strani teh ponudnikov analitike na na\u010din in za namene, dolo\u010dene v<\/p>\n\n\n\n<p>tem pravilniku o zasebnosti. \u010ce \u017eelite ve\u010d informacij o storitvi Google Analytics, vklju\u010dno z<\/p>\n\n\n\n<p>na\u010dinom onemogo\u010danja zbiranja podatkov, obi\u0161\u010dite https:\/\/www.google.com\/analytics.<\/p>\n\n\n\n<p>Upo\u0161tevajte, da morda ne boste mogli uporabljati celotne funkcionalnosti spletnih mest, \u010de se<\/p>\n\n\n\n<p>odlo\u010dite za katero koli storitev.<\/p>\n\n\n\n<p>e. Iz drugih virov. Prav tako lahko zbiramo ali sprejemamo informacije od tretjih oseb, kot so<\/p>\n\n\n\n<p>Facebook in \/ ali druga spletna mesta za socialne medije.<\/p>\n\n\n\n<p>Informacije, ki jih zbirajo tretje osebe preko ogla\u0161evalskih podjetij<\/p>\n\n\n\n<p>Druge informacije o va\u0161i dejavnosti na spletnih straneh tretjih oseb lahko delimo za namene<\/p>\n\n\n\n<p>prilagajanja, analize, upravljanja, poro\u010danja in optimiziranja ogla\u0161evanja, ki ga vidite na spletnih<\/p>\n\n\n\n<p>mestih in drugod. Te tretje stranke lahko uporabijo pi\u0161kotke, oznake pikslov (imenovane tudi<\/p>\n\n\n\n<p>spletne svetilnike ali gifi) in \/ ali druge tehnologije za zbiranje tak\u0161nih drugih informacij za te<\/p>\n\n\n\n<p>namene. Oznake pikslov omogo\u010dajo nam in tretjim osebam, da prepoznajo pi\u0161kotek brskalnika,<\/p>\n\n\n\n<p>ko brskalnik obi\u0161\u010de spletno mesto, na katerem je oznaka piksla, da bi se nau\u010dili, kateri oglas<\/p>\n\n\n\n<p>prina\u0161a uporabnika na dolo\u010deno spletno mesto.<\/p>\n\n\n\n<p>Dostop in spreminjanje osebnih informacij in komunikacijskih nastavitev<\/p>\n\n\n\n<p>\u010ce ste se registrirali na na\u0161ih spletnih straneh, lahko dostopate do svojih osebnih podatkov,<\/p>\n\n\n\n<p>informacij o obra\u010dunu in nekaterih drugih informacij, jih pregledujete in spremenite tako, da<\/p>\n\n\n\n<p>upo\u0161tevate navodila na spletnih mestih. Poleg tega lahko upravljate prejemanje tr\u017eenjskih in<\/p>\n\n\n\n<p>ne-transakcijskih sporo\u010dil tako, da kliknete povezavo \u00bbOdjava\u00ab, ki se nahaja na dnu vsakega<\/p>\n\n\n\n<p>Medija Marketing \u2013 Edvard Kurnik s.p. (info@kriptoclub.com in kriptoclub.com) marketin\u0161kega<\/p>\n\n\n\n<p>e-po\u0161tnega pisma. Stranke ne morejo onemogo\u010diti prejemanja transakcijskih e-po\u0161tnih sporo\u010dil,<\/p>\n\n\n\n<p>povezanih z njihovim ra\u010dunom ali naro\u010dili. Uporabili bomo komercialno sprejemljiva<\/p>\n\n\n\n<p>prizadevanja za pravo\u010dasno obdelavo tak\u0161nih zahtev. Vendar se morate zavedati, da v na\u0161ih<\/p>\n\n\n\n<p>podatkovnih zbirkah naro\u010dnine ni vedno mogo\u010de popolnoma odstraniti ali spremeniti podatkov.<\/p>\n\n\n\n<p>Kako uporabljamo in delimo informacije<\/p>\n\n\n\n<p>Za zagotavljanje na\u0161ih storitev uporabljamo osebne podatke, informacije o naro\u010dilu, informacije<\/p>\n\n\n\n<p>za obra\u010dun in druge informacije (skupaj, \u201cinformacije\u201d); za obdelavo naro\u010dil; upravljanja na\u0161ih<\/p>\n\n\n\n<p>darilnih in promocijskih programov; vzdr\u017eevanje in izbolj\u0161evanje na\u0161ih spletnih strani in storitev;<\/p>\n\n\n\n<p>za va\u0161o povratno informacijo; in obve\u0161\u010danje o na\u0161ih izdelkih in storitvah ter o ponudbi na\u0161ih<\/p>\n\n\n\n<p>partnerjev.<\/p>\n\n\n\n<p>Informacije, kot je opisano spodaj, lahko uporabljamo in \/ ali delimo kot je opisano v<\/p>\n\n\n\n<p>nadaljevanju.<\/p>\n\n\n\n<p>Medija Marketing \u2013 Edvard Kurnik s.p. bo dostopal do podatkov, ki so potrebni za obdelavo va\u0161ih naro\u010dil in jim<\/p>\n\n\n\n<p>zagotovil podporo.<\/p>\n\n\n\n<p>Za zagotavljanje na\u0161ih storitev in upravljanje z na\u0161imi darilnimi in promocijskimi programi bomo<\/p>\n\n\n\n<p>lahko izmenjali informacije (brez informacij o pla\u010devanju) z na\u0161imi partnerji za promocijo in<\/p>\n\n\n\n<p>tr\u017eenje tretjih strank, vklju\u010dno z, brez omejitev, podjetji, ki sodelujejo v na\u0161ih razli\u010dnih programih.<\/p>\n\n\n\n<p>Z va\u0161im dovoljenjem lahko aplikacije ali storitve tretjih oseb dostopajo do va\u0161ih osebnih<\/p>\n\n\n\n<p>podatkov. Uporabljamo standardno OAuth (odprto dovoljenje), ki vam omogo\u010da, da lahko svoje<\/p>\n\n\n\n<p>osebne podatke daste v skupno rabo z drugimi spletnimi mesti in storitvami, kot sta Facebook in<\/p>\n\n\n\n<p>Twitter (na primer, \u010de se strinjate s pojavnim iskanjem, ki dovoljuje, da drugi aplikaciji omogo\u010dite<\/p>\n\n\n\n<p>dostop do va\u0161ih podatkov o ra\u010dunu). Prav tako uporabljamo OAuth, ki nam omogo\u010da izmenjavo<\/p>\n\n\n\n<p>podatkov o vas, ki so shranjeni pri nas, ne da bi delili va\u0161e varnostne poverilnice.<\/p>\n\n\n\n<p>V druge namene lahko zaposlujemo druga podjetja in posameznike. Primeri lahko vklju\u010dujejo<\/p>\n\n\n\n<p>zagotavljanje tehni\u010dne pomo\u010di, izpolnjevanja naro\u010dil, storitve za stranke in tr\u017eenjske pomo\u010di. Te<\/p>\n\n\n\n<p>druge dru\u017ebe bodo imele dostop do informacij le, \u010de so potrebne za opravljanje njihovih nalog in<\/p>\n\n\n\n<p>v obsegu, ki ga dovoljuje zakon.<\/p>\n\n\n\n<p>V teko\u010dih prizadevanjih za bolj\u0161e razumevanje na\u0161ih obiskovalcev, kupcev ter na\u0161ih izdelkov in<\/p>\n\n\n\n<p>storitev lahko analiziramo informacije o naro\u010danju in druge podatke v skupni obliki, da lahko<\/p>\n\n\n\n<p>upravljamo, vzdr\u017eujemo, upravljamo in izbolj\u0161ujemo spletne strani in \/ ali na\u0161e izdelke in storitev.<\/p>\n\n\n\n<p>Te skupne informacije vas osebno ne identificirajo. Te skupne podatke lahko delimo z na\u0161imi<\/p>\n\n\n\n<p>podru\u017enicami, zastopniki in poslovnimi partnerji. Prav tako lahko razkrijemo agregirano statistiko<\/p>\n\n\n\n<p>uporabnikov, da bi opisali na\u0161e izdelke in storitve sedanjim in bodo\u010dim poslovnim partnerjem ter<\/p>\n\n\n\n<p>drugim tretjim osebam za druge zakonite namene.<\/p>\n\n\n\n<p>Ko razvijamo svoje podjetje, lahko pride tudi do prodaje podjetja ali njegovih sredstev. V primeru<\/p>\n\n\n\n<p>prodaje podjetja, zdru\u017eitve, reorganizacije, prodaje sredstev, razpada ali podobnega dogodka so<\/p>\n\n\n\n<p>lahko informacije del prenesenih sredstev.<\/p>\n\n\n\n<p>V obsegu, ki ga dovoljuje zakon, lahko razkrijemo tudi informacije: (i) kadar to zahteva zakon,<\/p>\n\n\n\n<p>sodni nalog ali drug vladni organ ali organ pregona ali regulativna agencija; ali (ii) kadar<\/p>\n\n\n\n<p>menimo, da je razkritje tak\u0161nih informacij nujno ali priporo\u010dljivo, na primer za za\u0161\u010dito pravic,<\/p>\n\n\n\n<p>premo\u017eenja ali varnosti Medija Marketing \u2013 Edvard Kurnik s.p. ali drugih.<\/p>\n\n\n\n<p>Informacije, ki jih delite<\/p>\n\n\n\n<p>Upo\u0161tevajte, da kadarkoli prostovoljno daste svoje osebne podatke na voljo tretjim osebam \u2013 na<\/p>\n\n\n\n<p>primer na oglasnih deskah ali spletnih dnevnikih; preko e-po\u0161te; pri spletnih seminarjih,<\/p>\n\n\n\n<p>telefonskih konferencah ali skupinskih ali individualnih klicih; ali v komentarjih ali klepetih \u2013 te<\/p>\n\n\n\n<p>podatke lahko vidijo, zberejo, sli\u0161ijo in \/ ali uporabljajo tudi drugi. Ne moremo biti odgovorni za<\/p>\n\n\n\n<p>kakr\u0161nokoli nepoobla\u0161\u010deno uporabo tak\u0161nih informacij od tretjih oseb.<\/p>\n\n\n\n<p>Kako za\u0161\u010ditimo informacije<\/p>\n\n\n\n<p>Sprejemamo komercialno ustrezne ukrepe za za\u0161\u010dito informacij pred izgubo, zlorabo in<\/p>\n\n\n\n<p>nepoobla\u0161\u010denim dostopom, razkritjem, spreminjanjem ali uni\u010denjem. Prosimo, upo\u0161tevajte, da<\/p>\n\n\n\n<p>noben varnostni sistem ni neprepusten. Ne moremo jam\u010diti za varnost na\u0161ih podatkovnih baz,<\/p>\n\n\n\n<p>niti ne moremo jam\u010diti, da informacije, ki jih dobite, ne bodo prestre\u017eene, medtem ko jih bomo<\/p>\n\n\n\n<p>posredovali od nas preko interneta. Zlasti e-po\u0161tna sporo\u010dila, poslana na spletne strani ali iz<\/p>\n\n\n\n<p>njih, morda niso varna, zato morate biti posebej pozorni pri odlo\u010danju, katere informacije nam<\/p>\n\n\n\n<p>po\u0161ljete po e-po\u0161ti.<\/p>\n\n\n\n<p>Pomembno obvestilo prebivalcem, ki niso prebivalci Slovenije<\/p>\n\n\n\n<p>Pomembno je omeniti, da se spletne strani in njihovi stre\u017eniki uporabljajo v Sloveniji in izven<\/p>\n\n\n\n<p>Slovenije za namene e-marketinga. \u010ce ste zunaj Slovenije, se zavedajte, da bodo vse<\/p>\n\n\n\n<p>informacije, ki nam jih posredujete, prenesene v Slovenijo in izven Slovenije. Z uporabo spletnih<\/p>\n\n\n\n<p>strani in z zagotavljanjem informacij pri uporabi na\u0161ih storitev, s tem nepreklicno sogla\u0161ate s tem<\/p>\n\n\n\n<p>prenosom in na\u0161o uporabo informacij in podatkov, ki ste jih zagotovili v skladu s tem pravilnikom<\/p>\n\n\n\n<p>o zasebnosti.<\/p>\n\n\n\n<p>Otroci<\/p>\n\n\n\n<p>Preko spletnih strani ne zbiramo osebnih podatkov (ne zavedno) od otrok, mlaj\u0161ih od 13 let. \u010ce<\/p>\n\n\n\n<p>ste mlaj\u0161i od 13 let, nam ne posredujte osebnih podatkov. Star\u0161e in zakonite skrbnike<\/p>\n\n\n\n<p>spodbujamo k spremljanju uporabe interneta za otroke in za pomo\u010d pri uveljavljanju na\u0161e<\/p>\n\n\n\n<p>Politike o zasebnosti tako, da svojim otrokom naro\u010dite, naj nikoli ne posredujejo osebnih<\/p>\n\n\n\n<p>podatkov prek spletnih strani brez njihovega dovoljenja. \u010ce imate razlog za domnevo, da nam je<\/p>\n\n\n\n<p>otrok, mlaj\u0161i od 13 let, posredoval osebne podatke, se obrnite na nas. Prizadevali si bomo<\/p>\n\n\n\n<p>izbrisati te podatke iz na\u0161ih podatkovnih baz.<\/p>\n\n\n\n<p>Zunanje spletne strani<\/p>\n\n\n\n<p>Spletne strani lahko vsebujejo povezave do spletnih mest tretjih oseb. Nimamo nadzora nad<\/p>\n\n\n\n<p>praksami zasebnosti ali vsebino kateregakoli na\u0161ega poslovnega partnerja, ogla\u0161evalcev,<\/p>\n\n\n\n<p>sponzorjev ali drugih spletnih strani, na katere zagotavljamo povezave. Kot taki nismo<\/p>\n\n\n\n<p>odgovorni za vsebino ali pravilnike o zasebnosti teh spletnih strani tretjih oseb. \u010ce obi\u0161\u010dete<\/p>\n\n\n\n<p>katerokoli drugo spletno mesto, preverite veljavno politiko zasebnosti in pogoje uporabe tretjih<\/p>\n\n\n\n<p>oseb.<\/p>\n\n\n\n<p>Spremembe tega pravilnika o zasebnosti<\/p>\n\n\n\n<p>Ta pravilnik o zasebnosti velja od datuma, navedenega na vrhu tega pravilnika o zasebnosti. To<\/p>\n\n\n\n<p>politiko zasebnosti lahko ob\u010dasno spremenimo. \u010ce dostopate do spletnih mest in \/ ali<\/p>\n\n\n\n<p>uporabljate na\u0161e storitve, se \u0161teje, da ste sprejeli spremembe pravilnika. Upo\u0161tevajte, da v<\/p>\n\n\n\n<p>obsegu, ki ga dovoljuje veljavna zakonodaja, na\u0161o uporabo informacij ureja pravilnik o<\/p>\n\n\n\n<p>zasebnosti, ki velja na dan zbiranja informacij. Redno se obra\u010dajte na pravilnik o zasebnosti.<\/p>\n\n\n\n<p>Kako nas kontaktirati<\/p>\n\n\n\n<p>\u010ce imate vpra\u0161anja o tem pravilniku o zasebnosti, nam pi\u0161ite na naslov<\/p>\n\n\n\n<p>info@kriptoclub.si z naslovom \u00bbPravilnik o zasebnosti\u00ab v naslovni vrstici.<\/p>\n\n\n\n<p>Medija Marketing \u2013 Edvard Kurnik s.p.<\/p>\n\n\n\n<p>Na gmajni 29<\/p>\n\n\n\n<p>2312 Orehova vas<\/p>\n\n\n\n<p>D.\u0161t: 16945352<\/p>\n","protected":false},"excerpt":{"rendered":"<p>V podjetju Medija Marketing \u2013 Edvard Kurnik s.p. smo ustvarili ta pravilnik o zasebnosti (\u00bbPolitika zasebnosti\u00ab), ker vemo, da vas skrbi, kako se podatki, ki nam jih posredujete, uporabljajo in delijo. Ta pravilnik o zasebnosti se uporablja za na\u0161e postopke zbiranja in uporabe podatkov: (i) na spletu, ko obi\u0161\u010dete katerokoli od na\u0161ih spletnih strani, vklju\u010dno,&#8230;<\/p>\n","protected":false},"author":1,"featured_media":0,"parent":0,"menu_order":0,"comment_status":"closed","ping_status":"closed","template":"","meta":{"_kad_post_transparent":"","_kad_post_title":"","_kad_post_layout":"","_kad_post_sidebar_id":"","_kad_post_content_style":"","_kad_post_vertical_padding":"","_kad_post_feature":"","_kad_post_feature_position":"","_kad_post_header":false,"_kad_post_footer":false,"footnotes":""},"class_list":["post-191","page","type-page","status-publish","hentry"],"_links":{"self":[{"href":"https:\/\/kriptoclub.com\/coaching\/wp-json\/wp\/v2\/pages\/191","targetHints":{"allow":["GET"]}}],"collection":[{"href":"https:\/\/kriptoclub.com\/coaching\/wp-json\/wp\/v2\/pages"}],"about":[{"href":"https:\/\/kriptoclub.com\/coaching\/wp-json\/wp\/v2\/types\/page"}],"author":[{"embeddable":true,"href":"https:\/\/kriptoclub.com\/coaching\/wp-json\/wp\/v2\/users\/1"}],"replies":[{"embeddable":true,"href":"https:\/\/kriptoclub.com\/coaching\/wp-json\/wp\/v2\/comments?post=191"}],"version-history":[{"count":1,"href":"https:\/\/kriptoclub.com\/coaching\/wp-json\/wp\/v2\/pages\/191\/revisions"}],"predecessor-version":[{"id":192,"href":"https:\/\/kriptoclub.com\/coaching\/wp-json\/wp\/v2\/pages\/191\/revisions\/192"}],"wp:attachment":[{"href":"https:\/\/kriptoclub.com\/coaching\/wp-json\/wp\/v2\/media?parent=191"}],"curies":[{"name":"wp","href":"https:\/\/api.w.org\/{rel}","templated":true}]}}