{"id":206,"date":"2022-12-11T21:05:22","date_gmt":"2022-12-11T21:05:22","guid":{"rendered":"https:\/\/kriptoclub.com\/coaching\/?page_id=206"},"modified":"2023-06-20T14:07:02","modified_gmt":"2023-06-20T14:07:02","slug":"zasnova-coaching-portala","status":"publish","type":"page","link":"https:\/\/kriptoclub.com\/coaching\/","title":{"rendered":"Zasnova coaching portala"},"content":{"rendered":"\n<figure class=\"wp-block-embed is-type-video is-provider-youtube wp-block-embed-youtube wp-embed-aspect-16-9 wp-has-aspect-ratio\"><div class=\"wp-block-embed__wrapper\">\n<iframe loading=\"lazy\" title=\"Life Coaching z Borisom Venetom\" width=\"720\" height=\"405\" src=\"https:\/\/www.youtube.com\/embed\/773-M_EVaC4?feature=oembed\" frameborder=\"0\" allow=\"accelerometer; autoplay; clipboard-write; encrypted-media; gyroscope; picture-in-picture; web-share\" allowfullscreen><\/iframe>\n<\/div><\/figure>\n\n\n\n<h2 class=\"wp-block-heading\">Kako izpopolniti svoje ve\u0161\u010dine trgovanja? <\/h2>\n\n\n\n<h2 class=\"wp-block-heading\">Odkrijte klju\u010d do izjemne uspe\u0161nosti v trgovanju, saj vas \u010daka ve\u010d kot 10 ur navdihujo\u010dega online coaching te\u010daja, ki vam bo pomagal dose\u010di vrhunsko uspe\u0161nost na teh dinami\u010dnih trgih.<\/h2>\n\n\n\n<p>Ko sem leta 2016 pri\u010del z raziskovanjem, kako tehni\u010dne analize sploh delujejo, tovrstnih informacij ni bilo na pretek. Danes je situacija druga\u010dna in pri\u010da smo pravi poplavi \u0161tevilnih informacij.&nbsp;<\/p>\n\n\n\n<p>Tukaj pa se pojavi problem: kako izbrati tiste informacije, ki so v danem trenutku najprimernej\u0161e za vas?<\/p>\n\n\n\n<p>Coaching program, ki sem ga sestavil, govori ravno o tem. Sestavljen je tako, da vam na za\u010detku predstavim strategije, ki si se jih dobesedno lahko nau\u010dite v petih minutah, saj niso zahtevne. Nadaljujemo z nadgradnjo te za\u010detni\u0161ke strategije in zaklju\u010dimo s kompleksnimi in zahtevnimi strategijami, kot je RSI (Relative Strenght Index). Ta vam omogo\u010da, da ujamete dolo\u010deno trgovanje na dnu in ga zaklju\u010dite na vrhu \u2013 kar je \u00bbSveti Gral\u00ab vsakega tr\u017eenja.<\/p>\n\n\n\n<h2 class=\"wp-block-heading\"><strong>Relative Strenght Index in iz njega izhajajo\u010da strategija, ki je ne boste na\u0161li nikjer na spletu<\/strong><\/h2>\n\n\n\n<p>In tej temi sem posvetil ve\u010d kot dve uri izobra\u017eevalnega programa.<\/p>\n\n\n\n<p>Ubral sem znanstveni pristop. Na silno lahek in predvsem sistematski na\u010din vas vodim od za\u010detka do konca. Trenutno je pripravljenih 11 videoposnetkov&nbsp; v skupni dol\u017eini 127 minut. (In zelo kmalu jih bo sledilo \u0161e ve\u010d \ud83d\ude42&nbsp;<\/p>\n\n\n\n<figure class=\"wp-block-image size-large\"><img loading=\"lazy\" decoding=\"async\" width=\"1024\" height=\"428\" src=\"https:\/\/kriptoclub.com\/coaching\/wp-content\/uploads\/2022\/12\/bitcoin-rast-7-1024x428.jpg\" alt=\"\" class=\"wp-image-207\" srcset=\"https:\/\/kriptoclub.com\/coaching\/wp-content\/uploads\/2022\/12\/bitcoin-rast-7-1024x428.jpg 1024w, https:\/\/kriptoclub.com\/coaching\/wp-content\/uploads\/2022\/12\/bitcoin-rast-7-300x125.jpg 300w, https:\/\/kriptoclub.com\/coaching\/wp-content\/uploads\/2022\/12\/bitcoin-rast-7-768x321.jpg 768w, https:\/\/kriptoclub.com\/coaching\/wp-content\/uploads\/2022\/12\/bitcoin-rast-7.jpg 1280w\" sizes=\"auto, (max-width: 1024px) 100vw, 1024px\" \/><\/figure>\n\n\n\n<h2 class=\"wp-block-heading\">Dodatne vsebine na coaching portalu \u2026<\/h2>\n\n\n\n<p>Na Coaching portalu se nahaja tudi za ve\u010d kot <strong>osem ur video posnetkov o tehni\u010dnih analizah<\/strong>. Tudi ti so sistematsko urejeni in vas vodijo od najosnovnej\u0161ih tem do najbolj zapletenih. Najlep\u0161e pri vsem pa je, da se vsaka naslednja tema dopolnjuje s predhodno. Na tak\u0161en na\u010din se skozi coaching program po\u010dasi sestavlja celotni mozaik v eno zelo veliko, pre\u010dudovito sliko.<\/p>\n\n\n\n<p>Vendar vas \u017eelim zelo direktno opozoriti na nekaj. <strong>Uspeha vam ne garantiram in vam tudi ne obljubljam velikih donosov.<\/strong> Nasprotno. Nekateri zabrodijo celo v finan\u010dne te\u017eave. (Opomba: v kriprovalute vedno vlo\u017eite le denar, ki ga lahko pogre\u0161ate.)<\/p>\n\n\n\n<p>Orodja v obliki coaching programa imate na voljo, vendar je potrebno tudi delo z va\u0161e strani. Uspeh pa bo v veliki meri odvisen od koli\u010dine \u010dasa, ki ga boste namenili lastnemu izobra\u017eevanju, ter vna\u0161anju znanja v prakso. Seveda imejte ves \u010das v&nbsp; mislih, da se nahajate na <strong>zelo nepredvidljivem trgu, kjer lahko \u017ee en twit po\u017eene celotni trg strmo navzgor ali navzdol<\/strong>.<\/p>\n\n\n\n<p>Zato <strong>vedno<\/strong> <strong>upo\u0161tevanje varnostna navodila in sproti za\u0161\u010ditite kapital<\/strong>, kot se boste nau\u010dili v programu.&nbsp;<\/p>\n\n\n\n<h2 class=\"wp-block-heading\">Nikoli ne boste sami \u2026.<\/h2>\n\n\n\n<p>Poleg Coaching programa prek videoposnetkov boste dele\u017eni tudi moje osebne podpore ter mo\u017enosti sodelovanja z ostalimi \u010dlani \u017ee omenjenih kanalov. \u010ce boste imeli vpra\u0161anja za katerokoli kriptovaluto ali tudi delnico, vam bom z veseljem odgovoril.&nbsp;<\/p>\n\n\n\n<p><strong>Na voljo vam bodo tudi posebni, avtorski &#8220;In House&#8221; indikatorji<\/strong>, katere sem razvilza la\u017eje spremljanje grafov in vam bodo lahko v veliko pomo\u010d.&nbsp;<\/p>\n\n\n\n<p>Prvi se imenuje <strong>\u00bbTarget Predictor\u00ab<\/strong>. Ta vam vnaprej nari\u0161e vse izstopne to\u010dke, pri katerih je smiselno prodati valuto, ali pa vstopne to\u010dke, pri katerih jo je smiselno kupiti.&nbsp;<\/p>\n\n\n\n<p>Drugi se imenuje <strong>\u00bbTarget Predictor Top &amp; Bottom\u00ab<\/strong>. Opozori vas, ko so mo\u017enosti dolo\u010denega vrha ali pa konca padanja najve\u010dje.&nbsp;<\/p>\n\n\n\n<p>Tretji se imenuje <strong>\u00bb5 moving average forcast\u00ab.<\/strong> Zelo primeren za vse, ki uporabljajo brezpla\u010dno verzijo Tradingview, saj ste pri njej omejeni zgolj na uporabo treh indikatorjev hkrati. V tem indikatorju pa se jih nahaja kar \u0161est skupaj in ga Tradinview obravnava kot en indikator.&nbsp;<\/p>\n\n\n\n<p><strong>\u010ce imate \u0161e kak\u0161no vpra\u0161anje, mi lahko pi\u0161ete na info@kriptoclub.com ali me pokli\u010dete direktno po telefonu 041 743 585 .<\/strong> (NA telefon se javljma sam in vedno vra\u010dam neodgovorjene klice.)<\/p>\n\n\n\n<p>Resni\u010dno se veselim, da se bova spoznala in da vam bom lahko pomagal do ve\u010djega uspeha pri tr\u017eenju kriptovalut. Vljudno vas vabim, da se pridru\u017eite napi skupini uspe\u0161nih trejderjev in dvignete svojo raven tr\u017eenja kriprovalut na zavidljiv nivo.<\/p>\n\n\n\n<p>Skupaj do uspeha,<\/p>\n\n\n\n<p>Edvard Kurnik.<\/p>\n\n\n\n<p><div class=\"AW-Form-1849153855\"><\/div>\n<script type=\"text\/javascript\">(function(d, s, id) {\n    var js, fjs = d.getElementsByTagName(s)[0];\n    if (d.getElementById(id)) return;\n    js = d.createElement(s); js.id = id;\n    js.src = \"\/\/forms.aweber.com\/form\/55\/1849153855.js\";\n    fjs.parentNode.insertBefore(js, fjs);\n    }(document, \"script\", \"aweber-wjs-d6i4w5mv0\"));\n<\/script><\/p>\n","protected":false},"excerpt":{"rendered":"<p>Kako izpopolniti svoje ve\u0161\u010dine trgovanja? Odkrijte klju\u010d do izjemne uspe\u0161nosti v trgovanju, saj vas \u010daka ve\u010d kot 10 ur navdihujo\u010dega online coaching te\u010daja, ki vam bo pomagal dose\u010di vrhunsko uspe\u0161nost na teh dinami\u010dnih trgih. Ko sem leta 2016 pri\u010del z raziskovanjem, kako tehni\u010dne analize sploh delujejo, tovrstnih informacij ni bilo na pretek. Danes je situacija&#8230;<\/p>\n","protected":false},"author":1,"featured_media":0,"parent":0,"menu_order":0,"comment_status":"closed","ping_status":"closed","template":"","meta":{"_kad_post_transparent":"","_kad_post_title":"","_kad_post_layout":"","_kad_post_sidebar_id":"","_kad_post_content_style":"","_kad_post_vertical_padding":"","_kad_post_feature":"","_kad_post_feature_position":"","_kad_post_header":false,"_kad_post_footer":false,"footnotes":""},"class_list":["post-206","page","type-page","status-publish","hentry"],"_links":{"self":[{"href":"https:\/\/kriptoclub.com\/coaching\/wp-json\/wp\/v2\/pages\/206","targetHints":{"allow":["GET"]}}],"collection":[{"href":"https:\/\/kriptoclub.com\/coaching\/wp-json\/wp\/v2\/pages"}],"about":[{"href":"https:\/\/kriptoclub.com\/coaching\/wp-json\/wp\/v2\/types\/page"}],"author":[{"embeddable":true,"href":"https:\/\/kriptoclub.com\/coaching\/wp-json\/wp\/v2\/users\/1"}],"replies":[{"embeddable":true,"href":"https:\/\/kriptoclub.com\/coaching\/wp-json\/wp\/v2\/comments?post=206"}],"version-history":[{"count":12,"href":"https:\/\/kriptoclub.com\/coaching\/wp-json\/wp\/v2\/pages\/206\/revisions"}],"predecessor-version":[{"id":267,"href":"https:\/\/kriptoclub.com\/coaching\/wp-json\/wp\/v2\/pages\/206\/revisions\/267"}],"wp:attachment":[{"href":"https:\/\/kriptoclub.com\/coaching\/wp-json\/wp\/v2\/media?parent=206"}],"curies":[{"name":"wp","href":"https:\/\/api.w.org\/{rel}","templated":true}]}}